{"id":22,"date":"2025-09-04T14:41:00","date_gmt":"2025-09-04T14:41:00","guid":{"rendered":"https:\/\/byflaminia.com\/?page_id=22"},"modified":"2025-12-23T15:03:27","modified_gmt":"2025-12-23T15:03:27","slug":"collabs","status":"publish","type":"page","link":"https:\/\/byflaminia.com\/fr\/collabs\/","title":{"rendered":"COLLABORATIONS"},"content":{"rendered":"<div data-elementor-type=\"wp-page\" data-elementor-id=\"22\" class=\"elementor elementor-22\" data-elementor-post-type=\"page\">\n\t\t\t\t<div class=\"elementor-element elementor-element-b55917e e-flex e-con-boxed e-con e-parent\" data-id=\"b55917e\" data-element_type=\"container\" data-e-type=\"container\">\n\t\t\t\t\t<div class=\"e-con-inner\">\n\t\t\t\t<div class=\"elementor-element elementor-element-bcf9d62 elementor-widget elementor-widget-heading\" data-id=\"bcf9d62\" data-element_type=\"widget\" data-e-type=\"widget\" data-widget_type=\"heading.default\">\n\t\t\t\t\t<h2 class=\"elementor-heading-title elementor-size-default\">COLLABORATIONS<\/h2>\t\t\t\t<\/div>\n\t\t\t\t\t<\/div>\n\t\t\t\t<\/div>\n\t\t<div class=\"elementor-element elementor-element-194714b e-flex e-con-boxed e-con e-parent\" data-id=\"194714b\" data-element_type=\"container\" data-e-type=\"container\">\n\t\t\t\t\t<div class=\"e-con-inner\">\n\t\t<div class=\"elementor-element elementor-element-f914107 e-con-full e-flex e-con e-child\" data-id=\"f914107\" data-element_type=\"container\" data-e-type=\"container\">\n\t\t\t\t<div class=\"elementor-element elementor-element-daf7a58 elementor-widget elementor-widget-heading\" data-id=\"daf7a58\" data-element_type=\"widget\" data-e-type=\"widget\" data-widget_type=\"heading.default\">\n\t\t\t\t\t<h2 class=\"elementor-heading-title elementor-size-default\">MAISON PALMISTE<\/h2>\t\t\t\t<\/div>\n\t\t\t\t<\/div>\n\t\t<div class=\"elementor-element elementor-element-0c1bd3d e-con-full e-flex e-con e-child\" data-id=\"0c1bd3d\" data-element_type=\"container\" data-e-type=\"container\">\n\t\t\t\t<\/div>\n\t\t\t\t\t<\/div>\n\t\t\t\t<\/div>\n\t\t<div class=\"elementor-element elementor-element-726b50b e-flex e-con-boxed e-con e-parent\" data-id=\"726b50b\" data-element_type=\"container\" data-e-type=\"container\">\n\t\t\t\t\t<div class=\"e-con-inner\">\n\t\t<div class=\"elementor-element elementor-element-73d57f0 e-con-full e-flex e-con e-child\" data-id=\"73d57f0\" data-element_type=\"container\" data-e-type=\"container\">\n\t\t\t\t<div class=\"elementor-element elementor-element-37acf06 elementor-widget__width-initial elementor-widget elementor-widget-image\" data-id=\"37acf06\" data-element_type=\"widget\" data-e-type=\"widget\" data-widget_type=\"image.default\">\n\t\t\t\t\t\t\t\t\t\t\t\t\t\t\t<img fetchpriority=\"high\" decoding=\"async\" width=\"2031\" height=\"2560\" src=\"https:\/\/byflaminia.com\/wp-content\/uploads\/2025\/09\/manche-double-fond-blanc-scaled.webp\" class=\"attachment-full size-full wp-image-293\" alt=\"\" srcset=\"https:\/\/byflaminia.com\/wp-content\/uploads\/2025\/09\/manche-double-fond-blanc-scaled.webp 2031w, https:\/\/byflaminia.com\/wp-content\/uploads\/2025\/09\/manche-double-fond-blanc-238x300.webp 238w, https:\/\/byflaminia.com\/wp-content\/uploads\/2025\/09\/manche-double-fond-blanc-812x1024.webp 812w, https:\/\/byflaminia.com\/wp-content\/uploads\/2025\/09\/manche-double-fond-blanc-768x968.webp 768w, https:\/\/byflaminia.com\/wp-content\/uploads\/2025\/09\/manche-double-fond-blanc-1219x1536.webp 1219w, https:\/\/byflaminia.com\/wp-content\/uploads\/2025\/09\/manche-double-fond-blanc-1625x2048.webp 1625w, https:\/\/byflaminia.com\/wp-content\/uploads\/2025\/09\/manche-double-fond-blanc-600x756.webp 600w\" sizes=\"(max-width: 2031px) 100vw, 2031px\" \/>\t\t\t\t\t\t\t\t\t\t\t\t\t\t\t<\/div>\n\t\t\t\t<\/div>\n\t\t<div class=\"elementor-element elementor-element-eb9555d e-con-full e-flex e-con e-child\" data-id=\"eb9555d\" data-element_type=\"container\" data-e-type=\"container\">\n\t\t\t\t<div class=\"elementor-element elementor-element-4f6ea35 elementor-widget elementor-widget-image\" data-id=\"4f6ea35\" data-element_type=\"widget\" data-e-type=\"widget\" data-widget_type=\"image.default\">\n\t\t\t\t\t\t\t\t\t\t\t\t\t\t\t<img decoding=\"async\" width=\"833\" height=\"1024\" src=\"https:\/\/byflaminia.com\/wp-content\/uploads\/2025\/09\/image-19-833x1024.webp\" class=\"attachment-large size-large wp-image-294\" alt=\"\" srcset=\"https:\/\/byflaminia.com\/wp-content\/uploads\/2025\/09\/image-19-833x1024.webp 833w, https:\/\/byflaminia.com\/wp-content\/uploads\/2025\/09\/image-19-244x300.webp 244w, https:\/\/byflaminia.com\/wp-content\/uploads\/2025\/09\/image-19-768x944.webp 768w, https:\/\/byflaminia.com\/wp-content\/uploads\/2025\/09\/image-19-1250x1536.webp 1250w, https:\/\/byflaminia.com\/wp-content\/uploads\/2025\/09\/image-19-1666x2048.webp 1666w, https:\/\/byflaminia.com\/wp-content\/uploads\/2025\/09\/image-19-600x737.webp 600w\" sizes=\"(max-width: 833px) 100vw, 833px\" \/>\t\t\t\t\t\t\t\t\t\t\t\t\t\t\t<\/div>\n\t\t\t\t<\/div>\n\t\t<div class=\"elementor-element elementor-element-73d119a e-con-full e-flex e-con e-child\" data-id=\"73d119a\" data-element_type=\"container\" data-e-type=\"container\">\n\t\t\t\t<div class=\"elementor-element elementor-element-cdbf138 elementor-widget elementor-widget-text-editor\" data-id=\"cdbf138\" data-element_type=\"widget\" data-e-type=\"widget\" data-widget_type=\"text-editor.default\">\n\t\t\t\t\t\t\t\t\t<p>Pour cette collaboration, l\u2019inspiration provient des grilles en fer forg\u00e9 des ch\u00e2teaux fran\u00e7ais du XVIIe si\u00e8cle. Les courbes et incises du dessin \u00e9voquent la finesse et l\u00b4ornamentation de cette \u00e9poque. En accord avec l\u2019univers monochrome de Maison Palmiste, les dessins se d\u00e9clinent en traits noirs sur fond blanc, une signature de la marque.<\/p>\t\t\t\t\t\t\t\t<\/div>\n\t\t\t\t<\/div>\n\t\t\t\t\t<\/div>\n\t\t\t\t<\/div>\n\t\t<div class=\"elementor-element elementor-element-bf29d12 e-flex e-con-boxed e-con e-parent\" data-id=\"bf29d12\" data-element_type=\"container\" data-e-type=\"container\">\n\t\t\t\t\t<div class=\"e-con-inner\">\n\t\t<div class=\"elementor-element elementor-element-6dffa62 e-con-full e-flex e-con e-child\" data-id=\"6dffa62\" data-element_type=\"container\" data-e-type=\"container\">\n\t\t\t\t<div class=\"elementor-element elementor-element-f546af0 elementor-widget elementor-widget-image\" data-id=\"f546af0\" data-element_type=\"widget\" data-e-type=\"widget\" data-widget_type=\"image.default\">\n\t\t\t\t\t\t\t\t\t\t\t\t\t\t\t<img decoding=\"async\" src=\"https:\/\/byflaminia.com\/wp-content\/uploads\/elementor\/thumbs\/image-5-scaled-rbif01wtd9yrsvi7w60p4jkkkcu2surd38yq6034fs.webp\" title=\"image (5)\" alt=\"image (5)\" loading=\"lazy\" \/>\t\t\t\t\t\t\t\t\t\t\t\t\t\t\t<\/div>\n\t\t\t\t<\/div>\n\t\t<div class=\"elementor-element elementor-element-bae182d e-con-full e-flex e-con e-child\" data-id=\"bae182d\" data-element_type=\"container\" data-e-type=\"container\">\n\t\t\t\t<div class=\"elementor-element elementor-element-5914bce elementor-widget elementor-widget-image\" data-id=\"5914bce\" data-element_type=\"widget\" data-e-type=\"widget\" data-widget_type=\"image.default\">\n\t\t\t\t\t\t\t\t\t\t\t\t\t\t\t<img decoding=\"async\" src=\"https:\/\/byflaminia.com\/wp-content\/uploads\/elementor\/thumbs\/image-21-scaled-rbiezh8d6x6r546n5pt25igqhqocg46rsvtc8q2f5i.webp\" title=\"image 21\" alt=\"image 21\" loading=\"lazy\" \/>\t\t\t\t\t\t\t\t\t\t\t\t\t\t\t<\/div>\n\t\t\t\t<\/div>\n\t\t\t\t\t<\/div>\n\t\t\t\t<\/div>\n\t\t<div class=\"elementor-element elementor-element-e07261d e-flex e-con-boxed e-con e-parent\" data-id=\"e07261d\" data-element_type=\"container\" data-e-type=\"container\">\n\t\t\t\t\t<div class=\"e-con-inner\">\n\t\t<div class=\"elementor-element elementor-element-7aa64e7 e-con-full e-flex e-con e-child\" data-id=\"7aa64e7\" data-element_type=\"container\" data-e-type=\"container\">\n\t\t\t\t<div class=\"elementor-element elementor-element-83b77d6 elementor-widget elementor-widget-image\" data-id=\"83b77d6\" data-element_type=\"widget\" data-e-type=\"widget\" data-widget_type=\"image.default\">\n\t\t\t\t\t\t\t\t\t\t\t\t\t\t\t<img decoding=\"async\" src=\"https:\/\/byflaminia.com\/wp-content\/uploads\/elementor\/thumbs\/image-15-scaled-rbif0g0bli4ofp0a9p2n73mivpaihr5zs2ybhiqw78.webp\" title=\"image 15\" alt=\"image 15\" loading=\"lazy\" \/>\t\t\t\t\t\t\t\t\t\t\t\t\t\t\t<\/div>\n\t\t\t\t<\/div>\n\t\t<div class=\"elementor-element elementor-element-629e99f e-con-full e-flex e-con e-child\" data-id=\"629e99f\" data-element_type=\"container\" data-e-type=\"container\">\n\t\t\t\t<div class=\"elementor-element elementor-element-08075b1 elementor-widget elementor-widget-image\" data-id=\"08075b1\" data-element_type=\"widget\" data-e-type=\"widget\" data-widget_type=\"image.default\">\n\t\t\t\t\t\t\t\t\t\t\t\t\t\t\t<img decoding=\"async\" src=\"https:\/\/byflaminia.com\/wp-content\/uploads\/elementor\/thumbs\/image-7-scaled-rbif0adaghwyi18h6mmvs51rbe2b7kjlrb1eluz98k.webp\" title=\"image (7)\" alt=\"image (7)\" loading=\"lazy\" \/>\t\t\t\t\t\t\t\t\t\t\t\t\t\t\t<\/div>\n\t\t\t\t<\/div>\n\t\t<div class=\"elementor-element elementor-element-2853167 e-con-full e-flex e-con e-child\" data-id=\"2853167\" data-element_type=\"container\" data-e-type=\"container\">\n\t\t\t\t<div class=\"elementor-element elementor-element-97b8dc9 elementor-widget elementor-widget-image\" data-id=\"97b8dc9\" data-element_type=\"widget\" data-e-type=\"widget\" data-widget_type=\"image.default\">\n\t\t\t\t\t\t\t\t\t\t\t\t\t\t\t<img decoding=\"async\" src=\"https:\/\/byflaminia.com\/wp-content\/uploads\/elementor\/thumbs\/image-22-scaled-rbiezqmogz5xq815dw3pts12uarlpxd8olc7j1siv8.webp\" title=\"image 22\" alt=\"image 22\" loading=\"lazy\" \/>\t\t\t\t\t\t\t\t\t\t\t\t\t\t\t<\/div>\n\t\t\t\t<\/div>\n\t\t\t\t\t<\/div>\n\t\t\t\t<\/div>\n\t\t<div class=\"elementor-element elementor-element-b8aa140 e-flex e-con-boxed e-con e-parent\" data-id=\"b8aa140\" data-element_type=\"container\" data-e-type=\"container\">\n\t\t\t\t\t<div class=\"e-con-inner\">\n\t\t<div class=\"elementor-element elementor-element-88bf73a e-con-full e-flex e-con e-child\" data-id=\"88bf73a\" data-element_type=\"container\" data-e-type=\"container\">\n\t\t\t\t<div class=\"elementor-element elementor-element-a4e09d6 elementor-widget elementor-widget-image\" data-id=\"a4e09d6\" data-element_type=\"widget\" data-e-type=\"widget\" data-widget_type=\"image.default\">\n\t\t\t\t\t\t\t\t\t\t\t\t\t\t\t<img decoding=\"async\" width=\"712\" height=\"1024\" src=\"https:\/\/byflaminia.com\/wp-content\/uploads\/2025\/09\/image-24-712x1024.webp\" class=\"attachment-large size-large wp-image-305\" alt=\"\" srcset=\"https:\/\/byflaminia.com\/wp-content\/uploads\/2025\/09\/image-24-712x1024.webp 712w, https:\/\/byflaminia.com\/wp-content\/uploads\/2025\/09\/image-24-209x300.webp 209w, https:\/\/byflaminia.com\/wp-content\/uploads\/2025\/09\/image-24-768x1104.webp 768w, https:\/\/byflaminia.com\/wp-content\/uploads\/2025\/09\/image-24-1069x1536.webp 1069w, https:\/\/byflaminia.com\/wp-content\/uploads\/2025\/09\/image-24-1425x2048.webp 1425w, https:\/\/byflaminia.com\/wp-content\/uploads\/2025\/09\/image-24-600x862.webp 600w, https:\/\/byflaminia.com\/wp-content\/uploads\/2025\/09\/image-24-scaled.webp 1781w\" sizes=\"(max-width: 712px) 100vw, 712px\" \/>\t\t\t\t\t\t\t\t\t\t\t\t\t\t\t<\/div>\n\t\t\t\t<\/div>\n\t\t<div class=\"elementor-element elementor-element-9e1afc8 e-con-full e-flex e-con e-child\" data-id=\"9e1afc8\" data-element_type=\"container\" data-e-type=\"container\">\n\t\t\t\t<div class=\"elementor-element elementor-element-acae5de elementor-widget elementor-widget-text-editor\" data-id=\"acae5de\" data-element_type=\"widget\" data-e-type=\"widget\" data-widget_type=\"text-editor.default\">\n\t\t\t\t\t\t\t\t\t<p>Cette illustration puise son inspiration dans les m\u00e9dinas du Maroc, ces labyrinthes vibrants et enchanteurs qui racontent des si\u00e8cles d'histoire et de culture. Les motifs \u00e9voquent les ruelles sinueuses, les portes orn\u00e9es, et les mosa\u00efques color\u00e9es qui font la richesse architecturale et artisanale de ces anciens quartiers. En accord avec l\u2019univers monochrome de Maison Palmiste, les dessins se d\u00e9clinent en traits noirs sur fond blanc, une signature de la marque.<\/p>\t\t\t\t\t\t\t\t<\/div>\n\t\t\t\t<\/div>\n\t\t\t\t\t<\/div>\n\t\t\t\t<\/div>\n\t\t<div class=\"elementor-element elementor-element-9d07fae e-flex e-con-boxed e-con e-parent\" data-id=\"9d07fae\" data-element_type=\"container\" data-e-type=\"container\">\n\t\t\t\t\t<div class=\"e-con-inner\">\n\t\t<div class=\"elementor-element elementor-element-89cf396 e-con-full e-flex e-con e-child\" data-id=\"89cf396\" data-element_type=\"container\" data-e-type=\"container\">\n\t\t\t\t<div class=\"elementor-element elementor-element-5285eb0 elementor-widget elementor-widget-image\" data-id=\"5285eb0\" data-element_type=\"widget\" data-e-type=\"widget\" data-widget_type=\"image.default\">\n\t\t\t\t\t\t\t\t\t\t\t\t\t\t\t\t<a href=\"https:\/\/byflaminia.com\/wp-content\/uploads\/2025\/09\/1--scaled.webp\" data-elementor-open-lightbox=\"yes\" data-e-action-hash=\"#elementor-action%3Aaction%3Dlightbox%26settings%3DeyJpZCI6MzI1LCJ1cmwiOiJodHRwczpcL1wvYnlmbGFtaW5pYS5jb21cL3dwLWNvbnRlbnRcL3VwbG9hZHNcLzIwMjVcLzA5XC8xLS1zY2FsZWQud2VicCJ9\">\n\t\t\t\t\t\t\t<img loading=\"lazy\" decoding=\"async\" width=\"2560\" height=\"2063\" src=\"https:\/\/byflaminia.com\/wp-content\/uploads\/2025\/09\/1--scaled.webp\" class=\"attachment-full size-full wp-image-325\" alt=\"\" srcset=\"https:\/\/byflaminia.com\/wp-content\/uploads\/2025\/09\/1--scaled.webp 2560w, https:\/\/byflaminia.com\/wp-content\/uploads\/2025\/09\/1--300x242.webp 300w, https:\/\/byflaminia.com\/wp-content\/uploads\/2025\/09\/1--1024x825.webp 1024w, https:\/\/byflaminia.com\/wp-content\/uploads\/2025\/09\/1--768x619.webp 768w, https:\/\/byflaminia.com\/wp-content\/uploads\/2025\/09\/1--1536x1238.webp 1536w\" sizes=\"(max-width: 2560px) 100vw, 2560px\" \/>\t\t\t\t\t\t\t\t<\/a>\n\t\t\t\t\t\t\t\t\t\t\t\t\t\t\t<\/div>\n\t\t\t\t<\/div>\n\t\t<div class=\"elementor-element elementor-element-d1483f8 e-con-full e-flex e-con e-child\" data-id=\"d1483f8\" data-element_type=\"container\" data-e-type=\"container\">\n\t\t\t\t<div class=\"elementor-element elementor-element-e220572 elementor-widget elementor-widget-image\" data-id=\"e220572\" data-element_type=\"widget\" data-e-type=\"widget\" data-widget_type=\"image.default\">\n\t\t\t\t\t\t\t\t\t\t\t\t\t\t\t\t<a href=\"https:\/\/byflaminia.com\/wp-content\/uploads\/2025\/09\/image-1-scaled.webp\" data-elementor-open-lightbox=\"yes\" data-e-action-hash=\"#elementor-action%3Aaction%3Dlightbox%26settings%3DeyJpZCI6MzI2LCJ1cmwiOiJodHRwczpcL1wvYnlmbGFtaW5pYS5jb21cL3dwLWNvbnRlbnRcL3VwbG9hZHNcLzIwMjVcLzA5XC9pbWFnZS0xLXNjYWxlZC53ZWJwIn0%3D\">\n\t\t\t\t\t\t\t<img loading=\"lazy\" decoding=\"async\" width=\"654\" height=\"1024\" src=\"https:\/\/byflaminia.com\/wp-content\/uploads\/2025\/09\/image-1-654x1024.webp\" class=\"attachment-large size-large wp-image-326\" alt=\"\" srcset=\"https:\/\/byflaminia.com\/wp-content\/uploads\/2025\/09\/image-1-654x1024.webp 654w, https:\/\/byflaminia.com\/wp-content\/uploads\/2025\/09\/image-1-192x300.webp 192w, https:\/\/byflaminia.com\/wp-content\/uploads\/2025\/09\/image-1-768x1202.webp 768w, https:\/\/byflaminia.com\/wp-content\/uploads\/2025\/09\/image-1-982x1536.webp 982w, https:\/\/byflaminia.com\/wp-content\/uploads\/2025\/09\/image-1-1309x2048.webp 1309w, https:\/\/byflaminia.com\/wp-content\/uploads\/2025\/09\/image-1-600x939.webp 600w, https:\/\/byflaminia.com\/wp-content\/uploads\/2025\/09\/image-1-scaled.webp 1636w\" sizes=\"(max-width: 654px) 100vw, 654px\" \/>\t\t\t\t\t\t\t\t<\/a>\n\t\t\t\t\t\t\t\t\t\t\t\t\t\t\t<\/div>\n\t\t\t\t<\/div>\n\t\t\t\t\t<\/div>\n\t\t\t\t<\/div>\n\t\t<div class=\"elementor-element elementor-element-84cc1a6 e-flex e-con-boxed e-con e-parent\" data-id=\"84cc1a6\" data-element_type=\"container\" data-e-type=\"container\">\n\t\t\t\t\t<div class=\"e-con-inner\">\n\t\t<div class=\"elementor-element elementor-element-09fa751 e-con-full e-flex e-con e-child\" data-id=\"09fa751\" data-element_type=\"container\" data-e-type=\"container\">\n\t\t\t\t<div class=\"elementor-element elementor-element-e8f7eec elementor-widget elementor-widget-heading\" data-id=\"e8f7eec\" data-element_type=\"widget\" data-e-type=\"widget\" data-widget_type=\"heading.default\">\n\t\t\t\t\t<h2 class=\"elementor-heading-title elementor-size-default\">BIENNALE CONDRIEU<\/h2>\t\t\t\t<\/div>\n\t\t\t\t<\/div>\n\t\t<div class=\"elementor-element elementor-element-84c432c e-con-full e-flex e-con e-child\" data-id=\"84c432c\" data-element_type=\"container\" data-e-type=\"container\">\n\t\t\t\t<\/div>\n\t\t\t\t\t<\/div>\n\t\t\t\t<\/div>\n\t\t<div class=\"elementor-element elementor-element-85a151f e-flex e-con-boxed e-con e-parent\" data-id=\"85a151f\" data-element_type=\"container\" data-e-type=\"container\">\n\t\t\t\t\t<div class=\"e-con-inner\">\n\t\t<div class=\"elementor-element elementor-element-a932b02 e-con-full e-flex e-con e-child\" data-id=\"a932b02\" data-element_type=\"container\" data-e-type=\"container\">\n\t\t\t\t<div class=\"elementor-element elementor-element-c44a604 elementor-widget elementor-widget-image\" data-id=\"c44a604\" data-element_type=\"widget\" data-e-type=\"widget\" data-widget_type=\"image.default\">\n\t\t\t\t\t\t\t\t\t\t\t\t\t\t\t\t<a href=\"https:\/\/byflaminia.com\/wp-content\/uploads\/2025\/09\/affiche-retouche-15.webp\" data-elementor-open-lightbox=\"yes\" data-e-action-hash=\"#elementor-action%3Aaction%3Dlightbox%26settings%3DeyJpZCI6MzQ2LCJ1cmwiOiJodHRwczpcL1wvYnlmbGFtaW5pYS5jb21cL3dwLWNvbnRlbnRcL3VwbG9hZHNcLzIwMjVcLzA5XC9hZmZpY2hlLXJldG91Y2hlLTE1LndlYnAifQ%3D%3D\">\n\t\t\t\t\t\t\t<img loading=\"lazy\" decoding=\"async\" width=\"724\" height=\"1024\" src=\"https:\/\/byflaminia.com\/wp-content\/uploads\/2025\/09\/affiche-retouche-15-724x1024.webp\" class=\"attachment-large size-large wp-image-346\" alt=\"\" srcset=\"https:\/\/byflaminia.com\/wp-content\/uploads\/2025\/09\/affiche-retouche-15-724x1024.webp 724w, https:\/\/byflaminia.com\/wp-content\/uploads\/2025\/09\/affiche-retouche-15-212x300.webp 212w, https:\/\/byflaminia.com\/wp-content\/uploads\/2025\/09\/affiche-retouche-15-768x1086.webp 768w, https:\/\/byflaminia.com\/wp-content\/uploads\/2025\/09\/affiche-retouche-15-1086x1536.webp 1086w, https:\/\/byflaminia.com\/wp-content\/uploads\/2025\/09\/affiche-retouche-15-1448x2048.webp 1448w, https:\/\/byflaminia.com\/wp-content\/uploads\/2025\/09\/affiche-retouche-15-600x848.webp 600w, https:\/\/byflaminia.com\/wp-content\/uploads\/2025\/09\/affiche-retouche-15.webp 1754w\" sizes=\"(max-width: 724px) 100vw, 724px\" \/>\t\t\t\t\t\t\t\t<\/a>\n\t\t\t\t\t\t\t\t\t\t\t\t\t\t\t<\/div>\n\t\t\t\t<\/div>\n\t\t<div class=\"elementor-element elementor-element-85eedf5 e-con-full e-flex e-con e-child\" data-id=\"85eedf5\" data-element_type=\"container\" data-e-type=\"container\">\n\t\t\t\t<div class=\"elementor-element elementor-element-5f01daa elementor-widget elementor-widget-image\" data-id=\"5f01daa\" data-element_type=\"widget\" data-e-type=\"widget\" data-widget_type=\"image.default\">\n\t\t\t\t\t\t\t\t\t\t\t\t\t\t\t\t<a href=\"https:\/\/byflaminia.com\/wp-content\/uploads\/2025\/09\/idee-affiche-3-avec-texte-scaled.webp\" data-elementor-open-lightbox=\"yes\" data-e-action-hash=\"#elementor-action%3Aaction%3Dlightbox%26settings%3DeyJpZCI6MzQ1LCJ1cmwiOiJodHRwczpcL1wvYnlmbGFtaW5pYS5jb21cL3dwLWNvbnRlbnRcL3VwbG9hZHNcLzIwMjVcLzA5XC9pZGVlLWFmZmljaGUtMy1hdmVjLXRleHRlLXNjYWxlZC53ZWJwIn0%3D\">\n\t\t\t\t\t\t\t<img loading=\"lazy\" decoding=\"async\" width=\"724\" height=\"1024\" src=\"https:\/\/byflaminia.com\/wp-content\/uploads\/2025\/09\/idee-affiche-3-avec-texte-724x1024.webp\" class=\"attachment-large size-large wp-image-345\" alt=\"\" srcset=\"https:\/\/byflaminia.com\/wp-content\/uploads\/2025\/09\/idee-affiche-3-avec-texte-724x1024.webp 724w, https:\/\/byflaminia.com\/wp-content\/uploads\/2025\/09\/idee-affiche-3-avec-texte-212x300.webp 212w, https:\/\/byflaminia.com\/wp-content\/uploads\/2025\/09\/idee-affiche-3-avec-texte-768x1086.webp 768w, https:\/\/byflaminia.com\/wp-content\/uploads\/2025\/09\/idee-affiche-3-avec-texte-1086x1536.webp 1086w, https:\/\/byflaminia.com\/wp-content\/uploads\/2025\/09\/idee-affiche-3-avec-texte-1448x2048.webp 1448w, https:\/\/byflaminia.com\/wp-content\/uploads\/2025\/09\/idee-affiche-3-avec-texte-600x849.webp 600w, https:\/\/byflaminia.com\/wp-content\/uploads\/2025\/09\/idee-affiche-3-avec-texte-scaled.webp 1810w\" sizes=\"(max-width: 724px) 100vw, 724px\" \/>\t\t\t\t\t\t\t\t<\/a>\n\t\t\t\t\t\t\t\t\t\t\t\t\t\t\t<\/div>\n\t\t\t\t<\/div>\n\t\t\t\t\t<\/div>\n\t\t\t\t<\/div>\n\t\t\t\t<\/div>","protected":false},"excerpt":{"rendered":"<p>COLLABS MAISON PALMISTE For this collaboration, the inspiration stems from the wrought-iron gates of 17th-century French chateaus. The curves and incisions of the design evoke the finesse and ornamentation of that era. In keeping with Maison Palmiste\u2019s monochrome universe, the drawings are presented in black lines on a white background\u2014a true signature of the brand. [&hellip;]<\/p>\n","protected":false},"author":1,"featured_media":0,"parent":0,"menu_order":0,"comment_status":"closed","ping_status":"closed","template":"elementor_header_footer","meta":{"footnotes":""},"class_list":["post-22","page","type-page","status-publish","hentry"],"blocksy_meta":[],"_hostinger_reach_plugin_has_subscription_block":false,"_hostinger_reach_plugin_is_elementor":false,"_links":{"self":[{"href":"https:\/\/byflaminia.com\/fr\/wp-json\/wp\/v2\/pages\/22","targetHints":{"allow":["GET"]}}],"collection":[{"href":"https:\/\/byflaminia.com\/fr\/wp-json\/wp\/v2\/pages"}],"about":[{"href":"https:\/\/byflaminia.com\/fr\/wp-json\/wp\/v2\/types\/page"}],"author":[{"embeddable":true,"href":"https:\/\/byflaminia.com\/fr\/wp-json\/wp\/v2\/users\/1"}],"replies":[{"embeddable":true,"href":"https:\/\/byflaminia.com\/fr\/wp-json\/wp\/v2\/comments?post=22"}],"version-history":[{"count":70,"href":"https:\/\/byflaminia.com\/fr\/wp-json\/wp\/v2\/pages\/22\/revisions"}],"predecessor-version":[{"id":539,"href":"https:\/\/byflaminia.com\/fr\/wp-json\/wp\/v2\/pages\/22\/revisions\/539"}],"wp:attachment":[{"href":"https:\/\/byflaminia.com\/fr\/wp-json\/wp\/v2\/media?parent=22"}],"curies":[{"name":"wp","href":"https:\/\/api.w.org\/{rel}","templated":true}]}}